{"id":7492,"date":"2025-11-08T18:34:05","date_gmt":"2025-11-08T17:34:05","guid":{"rendered":"https:\/\/www.litho-spheres.com\/?page_id=7492"},"modified":"2025-11-08T18:35:35","modified_gmt":"2025-11-08T17:35:35","slug":"restaurations","status":"publish","type":"page","link":"https:\/\/www.litho-spheres.com\/index.php\/restaurations\/","title":{"rendered":"Restaurations"},"content":{"rendered":"\t\t<div data-elementor-type=\"wp-page\" data-elementor-id=\"7492\" class=\"elementor elementor-7492\">\n\t\t\t\t\t\t\t\t\t<section class=\"elementor-section elementor-top-section elementor-element elementor-element-2e93b1c elementor-section-boxed elementor-section-height-default elementor-section-height-default\" data-id=\"2e93b1c\" data-element_type=\"section\">\n\t\t\t\t\t\t<div class=\"elementor-container elementor-column-gap-default\">\n\t\t\t\t\t<div class=\"elementor-column elementor-col-100 elementor-top-column elementor-element elementor-element-8e07257\" data-id=\"8e07257\" data-element_type=\"column\">\n\t\t\t<div class=\"elementor-widget-wrap elementor-element-populated\">\n\t\t\t\t\t\t\t\t<div class=\"elementor-element elementor-element-7c8c653 elementor-widget elementor-widget-text-editor\" data-id=\"7c8c653\" data-element_type=\"widget\" data-widget_type=\"text-editor.default\">\n\t\t\t\t<div class=\"elementor-widget-container\">\n\t\t\t<style>\/*! elementor - v3.7.8 - 02-10-2022 *\/\n.elementor-widget-text-editor.elementor-drop-cap-view-stacked .elementor-drop-cap{background-color:#818a91;color:#fff}.elementor-widget-text-editor.elementor-drop-cap-view-framed .elementor-drop-cap{color:#818a91;border:3px solid;background-color:transparent}.elementor-widget-text-editor:not(.elementor-drop-cap-view-default) .elementor-drop-cap{margin-top:8px}.elementor-widget-text-editor:not(.elementor-drop-cap-view-default) .elementor-drop-cap-letter{width:1em;height:1em}.elementor-widget-text-editor .elementor-drop-cap{float:left;text-align:center;line-height:1;font-size:50px}.elementor-widget-text-editor .elementor-drop-cap-letter{display:inline-block}<\/style>\t\t\t\t<h3>Restauration de bijoux :<\/h3>\t\t\t\t\t\t<\/div>\n\t\t\t\t<\/div>\n\t\t\t\t\t<\/div>\n\t\t<\/div>\n\t\t\t\t\t\t\t<\/div>\n\t\t<\/section>\n\t\t\t\t<section class=\"elementor-section elementor-top-section elementor-element elementor-element-89c5806 elementor-section-boxed elementor-section-height-default elementor-section-height-default\" data-id=\"89c5806\" data-element_type=\"section\">\n\t\t\t\t\t\t<div class=\"elementor-container elementor-column-gap-default\">\n\t\t\t\t\t<div class=\"elementor-column elementor-col-33 elementor-top-column elementor-element elementor-element-364e627\" data-id=\"364e627\" data-element_type=\"column\">\n\t\t\t<div class=\"elementor-widget-wrap elementor-element-populated\">\n\t\t\t\t\t\t\t\t<div class=\"elementor-element elementor-element-ff55345 elementor-widget elementor-widget-image\" data-id=\"ff55345\" data-element_type=\"widget\" data-widget_type=\"image.default\">\n\t\t\t\t<div class=\"elementor-widget-container\">\n\t\t\t<style>\/*! elementor - v3.7.8 - 02-10-2022 *\/\n.elementor-widget-image{text-align:center}.elementor-widget-image a{display:inline-block}.elementor-widget-image a img[src$=\".svg\"]{width:48px}.elementor-widget-image img{vertical-align:middle;display:inline-block}<\/style>\t\t\t\t\t\t\t\t\t\t\t\t\t<a href=\"https:\/\/www.litho-spheres.com\/wp-content\/uploads\/2025\/05\/Parrure01.jpg\" data-elementor-open-lightbox=\"yes\" data-elementor-lightbox-title=\"Parrure01\" e-action-hash=\"#elementor-action%3Aaction%3Dlightbox%26settings%3DeyJpZCI6Njk4NiwidXJsIjoiaHR0cHM6XC9cL3d3dy5saXRoby1zcGhlcmVzLmNvbVwvd3AtY29udGVudFwvdXBsb2Fkc1wvMjAyNVwvMDVcL1BhcnJ1cmUwMS5qcGcifQ%3D%3D\">\n\t\t\t\t\t\t\t<img loading=\"lazy\" decoding=\"async\" width=\"883\" height=\"662\" src=\"https:\/\/www.litho-spheres.com\/wp-content\/uploads\/2025\/05\/Parrure01.jpg\" class=\"attachment-large size-large\" alt=\"\" srcset=\"https:\/\/www.litho-spheres.com\/wp-content\/uploads\/2025\/05\/Parrure01.jpg 883w, https:\/\/www.litho-spheres.com\/wp-content\/uploads\/2025\/05\/Parrure01-300x225.jpg 300w, https:\/\/www.litho-spheres.com\/wp-content\/uploads\/2025\/05\/Parrure01-768x576.jpg 768w, https:\/\/www.litho-spheres.com\/wp-content\/uploads\/2025\/05\/Parrure01-600x450.jpg 600w\" sizes=\"auto, 100vw\" \/>\t\t\t\t\t\t\t\t<\/a>\n\t\t\t\t\t\t\t\t\t\t\t\t\t\t\t<\/div>\n\t\t\t\t<\/div>\n\t\t\t\t\t<\/div>\n\t\t<\/div>\n\t\t\t\t<div class=\"elementor-column elementor-col-33 elementor-top-column elementor-element elementor-element-906618c\" data-id=\"906618c\" data-element_type=\"column\">\n\t\t\t<div class=\"elementor-widget-wrap elementor-element-populated\">\n\t\t\t\t\t\t\t\t<div class=\"elementor-element elementor-element-2aabb55 elementor-widget elementor-widget-text-editor\" data-id=\"2aabb55\" data-element_type=\"widget\" data-widget_type=\"text-editor.default\">\n\t\t\t\t<div class=\"elementor-widget-container\">\n\t\t\t\t\t\t\t<p>La d\u00e9marche consiste ici \u00e0 restaurer ou faire \u00e9voluer un ancien bijou, afin de cr\u00e9er une nouvelle pi\u00e8ce et de l&rsquo;accompagner d&rsquo;autres pi\u00e8ces cr\u00e9\u00e9es pour l\u00a0\u00bboccasion pour obtenir une parure compl\u00e8te.<\/p><p>Ici, le point de d\u00e9part \u00e9tait une broche ancienne qui a \u00e9t\u00e9 r\u00e9par\u00e9e , nettoy\u00e9e et compl\u00e9t\u00e9e de 3 petites pierres. Un collier et des boucles d&rsquo;oreilles ont \u00e9t\u00e9 cr\u00e9\u00e9s ensuite pour accompagner cette broche.<\/p>\t\t\t\t\t\t<\/div>\n\t\t\t\t<\/div>\n\t\t\t\t\t<\/div>\n\t\t<\/div>\n\t\t\t\t<div class=\"elementor-column elementor-col-33 elementor-top-column elementor-element elementor-element-44687e3\" data-id=\"44687e3\" data-element_type=\"column\">\n\t\t\t<div class=\"elementor-widget-wrap elementor-element-populated\">\n\t\t\t\t\t\t\t\t<div class=\"elementor-element elementor-element-e7e0ea1 elementor-widget elementor-widget-image\" data-id=\"e7e0ea1\" data-element_type=\"widget\" data-widget_type=\"image.default\">\n\t\t\t\t<div class=\"elementor-widget-container\">\n\t\t\t\t\t\t\t\t\t\t\t\t\t\t\t\t<a href=\"https:\/\/www.litho-spheres.com\/wp-content\/uploads\/2025\/05\/Parrure02-1.jpg\" data-elementor-open-lightbox=\"yes\" data-elementor-lightbox-title=\"Parrure02\" e-action-hash=\"#elementor-action%3Aaction%3Dlightbox%26settings%3DeyJpZCI6Njk4NSwidXJsIjoiaHR0cHM6XC9cL3d3dy5saXRoby1zcGhlcmVzLmNvbVwvd3AtY29udGVudFwvdXBsb2Fkc1wvMjAyNVwvMDVcL1BhcnJ1cmUwMi0xLmpwZyJ9\">\n\t\t\t\t\t\t\t<img loading=\"lazy\" decoding=\"async\" width=\"950\" height=\"626\" src=\"https:\/\/www.litho-spheres.com\/wp-content\/uploads\/2025\/05\/Parrure02-1.jpg\" class=\"attachment-large size-large\" alt=\"\" srcset=\"https:\/\/www.litho-spheres.com\/wp-content\/uploads\/2025\/05\/Parrure02-1.jpg 996w, https:\/\/www.litho-spheres.com\/wp-content\/uploads\/2025\/05\/Parrure02-1-300x198.jpg 300w, https:\/\/www.litho-spheres.com\/wp-content\/uploads\/2025\/05\/Parrure02-1-768x506.jpg 768w, https:\/\/www.litho-spheres.com\/wp-content\/uploads\/2025\/05\/Parrure02-1-600x395.jpg 600w\" sizes=\"auto, 100vw\" \/>\t\t\t\t\t\t\t\t<\/a>\n\t\t\t\t\t\t\t\t\t\t\t\t\t\t\t<\/div>\n\t\t\t\t<\/div>\n\t\t\t\t\t<\/div>\n\t\t<\/div>\n\t\t\t\t\t\t\t<\/div>\n\t\t<\/section>\n\t\t\t\t\t\t\t<\/div>\n\t\t","protected":false},"excerpt":{"rendered":"<p>Restauration de bijoux : La d\u00e9marche consiste ici \u00e0 restaurer ou faire \u00e9voluer un ancien bijou, afin de cr\u00e9er une nouvelle pi\u00e8ce et de l&rsquo;accompagner d&rsquo;autres pi\u00e8ces cr\u00e9\u00e9es pour l\u00a0\u00bboccasion pour obtenir une parure compl\u00e8te. Ici, le point de d\u00e9part \u00e9tait une broche ancienne qui a \u00e9t\u00e9 r\u00e9par\u00e9e , nettoy\u00e9e et compl\u00e9t\u00e9e de 3 petites &hellip; <\/p>\n<p class=\"link-more\"><a href=\"https:\/\/www.litho-spheres.com\/index.php\/restaurations\/\" class=\"more-link\">Lire la suite de<span class=\"screen-reader-text\">\u00ab\u00a0Restaurations\u00a0\u00bb<\/span><\/a><\/p>\n","protected":false},"author":1,"featured_media":0,"parent":0,"menu_order":0,"comment_status":"closed","ping_status":"closed","template":"","meta":{"footnotes":""},"class_list":["post-7492","page","type-page","status-publish","hentry"],"featured_media_urls":[],"_links":{"self":[{"href":"https:\/\/www.litho-spheres.com\/index.php\/wp-json\/wp\/v2\/pages\/7492","targetHints":{"allow":["GET"]}}],"collection":[{"href":"https:\/\/www.litho-spheres.com\/index.php\/wp-json\/wp\/v2\/pages"}],"about":[{"href":"https:\/\/www.litho-spheres.com\/index.php\/wp-json\/wp\/v2\/types\/page"}],"author":[{"embeddable":true,"href":"https:\/\/www.litho-spheres.com\/index.php\/wp-json\/wp\/v2\/users\/1"}],"replies":[{"embeddable":true,"href":"https:\/\/www.litho-spheres.com\/index.php\/wp-json\/wp\/v2\/comments?post=7492"}],"version-history":[{"count":4,"href":"https:\/\/www.litho-spheres.com\/index.php\/wp-json\/wp\/v2\/pages\/7492\/revisions"}],"predecessor-version":[{"id":7496,"href":"https:\/\/www.litho-spheres.com\/index.php\/wp-json\/wp\/v2\/pages\/7492\/revisions\/7496"}],"wp:attachment":[{"href":"https:\/\/www.litho-spheres.com\/index.php\/wp-json\/wp\/v2\/media?parent=7492"}],"curies":[{"name":"wp","href":"https:\/\/api.w.org\/{rel}","templated":true}]}}