{"id":6884,"date":"2025-05-30T14:09:57","date_gmt":"2025-05-30T12:09:57","guid":{"rendered":"https:\/\/www.litho-spheres.com\/?page_id=6884"},"modified":"2025-11-09T15:55:46","modified_gmt":"2025-11-09T14:55:46","slug":"bijoux-en-pierre-naturelle","status":"publish","type":"page","link":"https:\/\/www.litho-spheres.com\/index.php\/bijoux-en-pierre-naturelle\/","title":{"rendered":"Bijoux en pierre naturelle"},"content":{"rendered":"\t\t<div data-elementor-type=\"wp-page\" data-elementor-id=\"6884\" class=\"elementor elementor-6884\">\n\t\t\t\t\t\t\t\t\t<section class=\"elementor-section elementor-top-section elementor-element elementor-element-f9e440c elementor-section-boxed elementor-section-height-default elementor-section-height-default\" data-id=\"f9e440c\" data-element_type=\"section\">\n\t\t\t\t\t\t<div class=\"elementor-container elementor-column-gap-default\">\n\t\t\t\t\t<div class=\"elementor-column elementor-col-100 elementor-top-column elementor-element elementor-element-9d55949\" data-id=\"9d55949\" data-element_type=\"column\">\n\t\t\t<div class=\"elementor-widget-wrap elementor-element-populated\">\n\t\t\t\t\t\t\t\t<div class=\"elementor-element elementor-element-46c3df3 elementor-widget elementor-widget-image\" data-id=\"46c3df3\" data-element_type=\"widget\" data-widget_type=\"image.default\">\n\t\t\t\t<div class=\"elementor-widget-container\">\n\t\t\t<style>\/*! elementor - v3.7.8 - 02-10-2022 *\/\n.elementor-widget-image{text-align:center}.elementor-widget-image a{display:inline-block}.elementor-widget-image a img[src$=\".svg\"]{width:48px}.elementor-widget-image img{vertical-align:middle;display:inline-block}<\/style>\t\t\t\t\t\t\t\t\t\t\t\t<img loading=\"lazy\" decoding=\"async\" width=\"950\" height=\"93\" src=\"https:\/\/www.litho-spheres.com\/wp-content\/uploads\/2025\/11\/IMG_20221007_220026-scaled-e1762624939164-1024x100.jpg\" class=\"attachment-large size-large\" alt=\"\" srcset=\"https:\/\/www.litho-spheres.com\/wp-content\/uploads\/2025\/11\/IMG_20221007_220026-scaled-e1762624939164-1024x100.jpg 1024w, https:\/\/www.litho-spheres.com\/wp-content\/uploads\/2025\/11\/IMG_20221007_220026-scaled-e1762624939164-300x29.jpg 300w, https:\/\/www.litho-spheres.com\/wp-content\/uploads\/2025\/11\/IMG_20221007_220026-scaled-e1762624939164-768x75.jpg 768w, https:\/\/www.litho-spheres.com\/wp-content\/uploads\/2025\/11\/IMG_20221007_220026-scaled-e1762624939164-1536x150.jpg 1536w, https:\/\/www.litho-spheres.com\/wp-content\/uploads\/2025\/11\/IMG_20221007_220026-scaled-e1762624939164-2048x200.jpg 2048w, https:\/\/www.litho-spheres.com\/wp-content\/uploads\/2025\/11\/IMG_20221007_220026-scaled-e1762624939164-2000x195.jpg 2000w, https:\/\/www.litho-spheres.com\/wp-content\/uploads\/2025\/11\/IMG_20221007_220026-scaled-e1762624939164-600x59.jpg 600w\" sizes=\"auto, 100vw\" \/>\t\t\t\t\t\t\t\t\t\t\t\t\t\t\t<\/div>\n\t\t\t\t<\/div>\n\t\t\t\t\t<\/div>\n\t\t<\/div>\n\t\t\t\t\t\t\t<\/div>\n\t\t<\/section>\n\t\t\t\t<section class=\"elementor-section elementor-top-section elementor-element elementor-element-6aa7776 elementor-section-boxed elementor-section-height-default elementor-section-height-default\" data-id=\"6aa7776\" data-element_type=\"section\">\n\t\t\t\t\t\t<div class=\"elementor-container elementor-column-gap-default\">\n\t\t\t\t\t<div class=\"elementor-column elementor-col-100 elementor-top-column elementor-element elementor-element-6fd3364\" data-id=\"6fd3364\" data-element_type=\"column\">\n\t\t\t<div class=\"elementor-widget-wrap elementor-element-populated\">\n\t\t\t\t\t\t\t\t<div class=\"elementor-element elementor-element-35ea06c elementor-widget elementor-widget-text-editor\" data-id=\"35ea06c\" data-element_type=\"widget\" data-widget_type=\"text-editor.default\">\n\t\t\t\t<div class=\"elementor-widget-container\">\n\t\t\t<style>\/*! elementor - v3.7.8 - 02-10-2022 *\/\n.elementor-widget-text-editor.elementor-drop-cap-view-stacked .elementor-drop-cap{background-color:#818a91;color:#fff}.elementor-widget-text-editor.elementor-drop-cap-view-framed .elementor-drop-cap{color:#818a91;border:3px solid;background-color:transparent}.elementor-widget-text-editor:not(.elementor-drop-cap-view-default) .elementor-drop-cap{margin-top:8px}.elementor-widget-text-editor:not(.elementor-drop-cap-view-default) .elementor-drop-cap-letter{width:1em;height:1em}.elementor-widget-text-editor .elementor-drop-cap{float:left;text-align:center;line-height:1;font-size:50px}.elementor-widget-text-editor .elementor-drop-cap-letter{display:inline-block}<\/style>\t\t\t\t<h3><a href=\"https:\/\/www.litho-spheres.com\/index.php\/blog\/\">Colliers : Colliers min\u00e9raux et colliers min\u00e9raux sur r\u00e9sine<\/a><br \/><a href=\"https:\/\/www.litho-spheres.com\/index.php\/bracelets\/\">Bracelets<\/a><br \/><a href=\"https:\/\/www.litho-spheres.com\/index.php\/bagues\/\">Bagues<\/a><br \/><a href=\"https:\/\/www.litho-spheres.com\/index.php\/chapelets\/\">Chapelets<\/a><br \/><a href=\"https:\/\/www.litho-spheres.com\/index.php\/restaurations\/\">Restaurations<\/a><\/h3>\t\t\t\t\t\t<\/div>\n\t\t\t\t<\/div>\n\t\t\t\t\t<\/div>\n\t\t<\/div>\n\t\t\t\t\t\t\t<\/div>\n\t\t<\/section>\n\t\t\t\t<section class=\"elementor-section elementor-top-section elementor-element elementor-element-e6522e8 elementor-section-boxed elementor-section-height-default elementor-section-height-default\" data-id=\"e6522e8\" data-element_type=\"section\">\n\t\t\t\t\t\t<div class=\"elementor-container elementor-column-gap-default\">\n\t\t\t\t\t<div class=\"elementor-column elementor-col-100 elementor-top-column elementor-element elementor-element-68ddab1\" data-id=\"68ddab1\" data-element_type=\"column\">\n\t\t\t<div class=\"elementor-widget-wrap elementor-element-populated\">\n\t\t\t\t\t\t\t\t<div class=\"elementor-element elementor-element-6d0f530 elementor-widget elementor-widget-image\" data-id=\"6d0f530\" data-element_type=\"widget\" data-widget_type=\"image.default\">\n\t\t\t\t<div class=\"elementor-widget-container\">\n\t\t\t\t\t\t\t\t\t\t\t\t\t\t\t<img loading=\"lazy\" decoding=\"async\" width=\"950\" height=\"93\" src=\"https:\/\/www.litho-spheres.com\/wp-content\/uploads\/2025\/11\/IMG_20221005_082235-scaled-e1762624847892-1024x100.jpg\" class=\"attachment-large size-large\" alt=\"\" srcset=\"https:\/\/www.litho-spheres.com\/wp-content\/uploads\/2025\/11\/IMG_20221005_082235-scaled-e1762624847892-1024x100.jpg 1024w, https:\/\/www.litho-spheres.com\/wp-content\/uploads\/2025\/11\/IMG_20221005_082235-scaled-e1762624847892-300x29.jpg 300w, https:\/\/www.litho-spheres.com\/wp-content\/uploads\/2025\/11\/IMG_20221005_082235-scaled-e1762624847892-768x75.jpg 768w, https:\/\/www.litho-spheres.com\/wp-content\/uploads\/2025\/11\/IMG_20221005_082235-scaled-e1762624847892-1536x150.jpg 1536w, https:\/\/www.litho-spheres.com\/wp-content\/uploads\/2025\/11\/IMG_20221005_082235-scaled-e1762624847892-2048x200.jpg 2048w, https:\/\/www.litho-spheres.com\/wp-content\/uploads\/2025\/11\/IMG_20221005_082235-scaled-e1762624847892-2000x195.jpg 2000w, https:\/\/www.litho-spheres.com\/wp-content\/uploads\/2025\/11\/IMG_20221005_082235-scaled-e1762624847892-600x59.jpg 600w\" sizes=\"auto, 100vw\" \/>\t\t\t\t\t\t\t\t\t\t\t\t\t\t\t<\/div>\n\t\t\t\t<\/div>\n\t\t\t\t\t<\/div>\n\t\t<\/div>\n\t\t\t\t\t\t\t<\/div>\n\t\t<\/section>\n\t\t\t\t\t\t\t<\/div>\n\t\t","protected":false},"excerpt":{"rendered":"<p>Colliers : Colliers min\u00e9raux et colliers min\u00e9raux sur r\u00e9sineBraceletsBaguesChapeletsRestaurations<\/p>\n","protected":false},"author":1,"featured_media":0,"parent":0,"menu_order":0,"comment_status":"closed","ping_status":"closed","template":"","meta":{"footnotes":""},"class_list":["post-6884","page","type-page","status-publish","hentry"],"featured_media_urls":[],"_links":{"self":[{"href":"https:\/\/www.litho-spheres.com\/index.php\/wp-json\/wp\/v2\/pages\/6884","targetHints":{"allow":["GET"]}}],"collection":[{"href":"https:\/\/www.litho-spheres.com\/index.php\/wp-json\/wp\/v2\/pages"}],"about":[{"href":"https:\/\/www.litho-spheres.com\/index.php\/wp-json\/wp\/v2\/types\/page"}],"author":[{"embeddable":true,"href":"https:\/\/www.litho-spheres.com\/index.php\/wp-json\/wp\/v2\/users\/1"}],"replies":[{"embeddable":true,"href":"https:\/\/www.litho-spheres.com\/index.php\/wp-json\/wp\/v2\/comments?post=6884"}],"version-history":[{"count":133,"href":"https:\/\/www.litho-spheres.com\/index.php\/wp-json\/wp\/v2\/pages\/6884\/revisions"}],"predecessor-version":[{"id":7585,"href":"https:\/\/www.litho-spheres.com\/index.php\/wp-json\/wp\/v2\/pages\/6884\/revisions\/7585"}],"wp:attachment":[{"href":"https:\/\/www.litho-spheres.com\/index.php\/wp-json\/wp\/v2\/media?parent=6884"}],"curies":[{"name":"wp","href":"https:\/\/api.w.org\/{rel}","templated":true}]}}